{"id":60,"date":"2023-04-30T12:15:49","date_gmt":"2023-04-30T09:15:49","guid":{"rendered":"https:\/\/demo.ar-themes.com\/hanout\/?page_id=60"},"modified":"2025-07-30T15:37:47","modified_gmt":"2025-07-30T15:37:47","slug":"%d8%b4%d8%b1%d9%88%d8%b7-%d8%a7%d9%84%d8%a7%d8%b3%d8%aa%d8%ae%d8%af%d8%a7%d9%85","status":"publish","type":"page","link":"https:\/\/shop.cheikhnacer-roqya.com\/ar\/%d8%b4%d8%b1%d9%88%d8%b7-%d8%a7%d9%84%d8%a7%d8%b3%d8%aa%d8%ae%d8%af%d8%a7%d9%85\/","title":{"rendered":"\u0634\u0631\u0648\u0637 \u0627\u0644\u0627\u0633\u062a\u062e\u062f\u0627\u0645"},"content":{"rendered":"<h3 class=\"wp-block-heading\"><strong>Conditions G\u00e9n\u00e9rales d&rsquo;Utilisation (CGU)<\/strong><\/h3>\n\n\n\n<p><strong>Site :\u00a0<a href=\"https:\/\/shop.cheikhnacer-roqya.com\/ar\/\" target=\"_blank\" rel=\"noreferrer noopener\">shop.cheikhnacer-roqya.com<\/a><\/strong><\/p>\n\n\n\n<h4 class=\"wp-block-heading\"><strong>1. Objet<\/strong><\/h4>\n\n\n\n<p>Les pr\u00e9sentes Conditions G\u00e9n\u00e9rales d&rsquo;Utilisation (CGU) r\u00e9gissent l&rsquo;utilisation du site&nbsp;<a href=\"https:\/\/shop.cheikhnacer-roqya.com\/ar\/\" target=\"_blank\" rel=\"noreferrer noopener\">shop.cheikhnacer-roqya.com<\/a>&nbsp;et les transactions effectu\u00e9es par les clients en Alg\u00e9rie.<\/p>\n\n\n\n<h4 class=\"wp-block-heading\"><strong>2. Acceptation des CGU<\/strong><\/h4>\n\n\n\n<p>Toute commande pass\u00e9e sur ce site implique l&rsquo;acceptation sans r\u00e9serve des pr\u00e9sentes CGU.<\/p>\n\n\n\n<h4 class=\"wp-block-heading\"><strong>3. Produits et Prix<\/strong><\/h4>\n\n\n\n<ul class=\"wp-block-list\">\n<li>Les produits sont d\u00e9crits avec pr\u00e9cision, mais des variations mineures peuvent exister.<\/li>\n\n\n\n<li>Les prix sont affich\u00e9s en Dinars Alg\u00e9riens (DZD), toutes taxes comprises (TTC).<\/li>\n<\/ul>\n\n\n\n<h4 class=\"wp-block-heading\"><strong>4. Commandes et Paiement<\/strong><\/h4>\n\n\n\n<ul class=\"wp-block-list\">\n<li><strong>Modes de paiement accept\u00e9s<\/strong>\u00a0:\n<ul class=\"wp-block-list\">\n<li>Paiement \u00e0 la livraison<\/li>\n\n\n\n<li>Virement bancaire (CIB, BNA, etc.).<\/li>\n\n\n\n<li>Cartes \u00e9lectroniques via solutions locales agr\u00e9\u00e9es.<\/li>\n<\/ul>\n<\/li>\n\n\n\n<li>Les commandes sont valid\u00e9es apr\u00e8s v\u00e9rification du stock et du paiement.<\/li>\n<\/ul>\n\n\n\n<h4 class=\"wp-block-heading\"><strong>5. Livraison<\/strong><\/h4>\n\n\n\n<ul class=\"wp-block-list\">\n<li><strong>Zones de livraison<\/strong>\u00a0: Tout le territoire alg\u00e9rien.<\/li>\n\n\n\n<li><strong>D\u00e9lais<\/strong>\u00a0: 2 \u00e0 7 jours ouvr\u00e9s selon la wilaya.<\/li>\n\n\n\n<li><strong>Frais de livraison<\/strong>\u00a0:\n<ul class=\"wp-block-list\">\n<li>selon le tarif du transporteur en fonction de la wilaya et ville de livraison depuis Alger<\/li>\n\n\n\n<li>les tarifs seront indiqu\u00e9s lors de l&rsquo;etape de validation de paiement apr\u00e8s avoir indiqu\u00e9 votre wilaya de livraison<\/li>\n<\/ul>\n<\/li>\n<\/ul>\n\n\n\n<h4 class=\"wp-block-heading\"><strong>6. Retours et Remboursements<\/strong><\/h4>\n\n\n\n<ul class=\"wp-block-list\">\n<li>Voir notre\u00a0<strong>Politique d&rsquo;\u00c9change et de Retour<\/strong>\u00a0<\/li>\n<\/ul>\n\n\n\n<h4 class=\"wp-block-heading\"><strong>7. Responsabilit\u00e9<\/strong><\/h4>\n\n\n\n<p>Le site d\u00e9cline toute responsabilit\u00e9 en cas de mauvaise utilisation des produits vendus.<\/p>\n\n\n\n<h4 class=\"wp-block-heading\"><strong>8. Droit applicable<\/strong><\/h4>\n\n\n\n<p>Les pr\u00e9sentes CGU sont soumises \u00e0 la l\u00e9gislation alg\u00e9rienne. <\/p>","protected":false},"excerpt":{"rendered":"<p>Conditions G\u00e9n\u00e9rales d&rsquo;Utilisation (CGU) Site :\u00a0shop.cheikhnacer-roqya.com 1. Objet Les pr\u00e9sentes Conditions G\u00e9n\u00e9rales d&rsquo;Utilisation (CGU) r\u00e9gissent l&rsquo;utilisation du site&nbsp;shop.cheikhnacer-roqya.com&nbsp;et les transactions effectu\u00e9es par les clients en Alg\u00e9rie. 2. Acceptation des CGU Toute commande pass\u00e9e sur ce site implique l&rsquo;acceptation sans r\u00e9serve des pr\u00e9sentes CGU. 3. Produits et Prix 4. Commandes et Paiement 5. Livraison 6. Retours [&hellip;]<\/p>","protected":false},"author":1,"featured_media":0,"parent":0,"menu_order":0,"comment_status":"closed","ping_status":"closed","template":"","meta":{"footnotes":""},"class_list":["post-60","page","type-page","status-publish","hentry"],"_links":{"self":[{"href":"https:\/\/shop.cheikhnacer-roqya.com\/ar\/wp-json\/wp\/v2\/pages\/60","targetHints":{"allow":["GET"]}}],"collection":[{"href":"https:\/\/shop.cheikhnacer-roqya.com\/ar\/wp-json\/wp\/v2\/pages"}],"about":[{"href":"https:\/\/shop.cheikhnacer-roqya.com\/ar\/wp-json\/wp\/v2\/types\/page"}],"author":[{"embeddable":true,"href":"https:\/\/shop.cheikhnacer-roqya.com\/ar\/wp-json\/wp\/v2\/users\/1"}],"replies":[{"embeddable":true,"href":"https:\/\/shop.cheikhnacer-roqya.com\/ar\/wp-json\/wp\/v2\/comments?post=60"}],"version-history":[{"count":1,"href":"https:\/\/shop.cheikhnacer-roqya.com\/ar\/wp-json\/wp\/v2\/pages\/60\/revisions"}],"predecessor-version":[{"id":411,"href":"https:\/\/shop.cheikhnacer-roqya.com\/ar\/wp-json\/wp\/v2\/pages\/60\/revisions\/411"}],"wp:attachment":[{"href":"https:\/\/shop.cheikhnacer-roqya.com\/ar\/wp-json\/wp\/v2\/media?parent=60"}],"curies":[{"name":"wp","href":"https:\/\/api.w.org\/{rel}","templated":true}]}}